{"id":40,"date":"2023-12-29T02:20:20","date_gmt":"2023-12-29T02:20:20","guid":{"rendered":"https:\/\/projurasa.com\/?page_id=40"},"modified":"2024-02-23T04:39:31","modified_gmt":"2024-02-23T04:39:31","slug":"inicio","status":"publish","type":"page","link":"https:\/\/projurasa.com\/","title":{"rendered":"Inicio"},"content":{"rendered":"\n<div class=\"wp-block-group alignfull is-layout-constrained wp-container-core-group-is-layout-8f6f1862 wp-block-group-is-layout-constrained\" style=\"margin-top:0;margin-bottom:0;padding-top:0;padding-right:0;padding-bottom:0;padding-left:0\">\n<div class=\"wp-block-cover alignfull has-parallax has-custom-content-position is-position-top-center\" style=\"margin-top:0;margin-bottom:0;padding-top:var(--wp--preset--spacing--30);padding-right:var(--wp--preset--spacing--30);padding-bottom:var(--wp--preset--spacing--30);padding-left:var(--wp--preset--spacing--30);min-height:50px;aspect-ratio:unset;\"><span aria-hidden=\"true\" class=\"wp-block-cover__background has-black-background-color has-background-dim\"><\/span><div role=\"img\" class=\"wp-block-cover__image-background wp-image-28 has-parallax\" style=\"background-position:50% 50%;background-image:url(https:\/\/projurasa.com\/wp-content\/uploads\/2023\/12\/Foto-Principal-del-PSA-scaled.jpg)\"><\/div><div class=\"wp-block-cover__inner-container is-layout-flow wp-container-core-cover-is-layout-f392c629 wp-block-cover-is-layout-flow\">\n<div class=\"wp-block-group has-contrast-color has-text-color has-link-color wp-elements-aed1cf4b40b117d082a5ccbf0785c716 is-horizontal is-content-justification-space-between is-layout-flex wp-container-core-group-is-layout-d29c6eda wp-block-group-is-layout-flex wp-container-2 is-position-sticky\" style=\"padding-top:var(--wp--preset--spacing--30);padding-right:var(--wp--preset--spacing--80);padding-bottom:var(--wp--preset--spacing--30);padding-left:var(--wp--preset--spacing--80)\"><div class=\"wp-block-site-logo\"><a href=\"https:\/\/projurasa.com\/\" class=\"custom-logo-link\" rel=\"home\"><img loading=\"lazy\" decoding=\"async\" width=\"150\" height=\"51\" src=\"https:\/\/projurasa.com\/wp-content\/uploads\/2023\/12\/Logo-para-WEB-Blanco-10.png\" class=\"custom-logo\" alt=\"Projura S.A.\" srcset=\"https:\/\/projurasa.com\/wp-content\/uploads\/2023\/12\/Logo-para-WEB-Blanco-10.png 678w, https:\/\/projurasa.com\/wp-content\/uploads\/2023\/12\/Logo-para-WEB-Blanco-10-300x102.png 300w\" sizes=\"auto, (max-width: 150px) 100vw, 150px\" \/><\/a><\/div>\n\n<nav class=\"has-medium-font-size is-responsive items-justified-right wp-block-navigation is-content-justification-right is-layout-flex wp-container-core-navigation-is-layout-f665d2b5 wp-block-navigation-is-layout-flex\" aria-label=\"Menu Inicio\" \n\t\t data-wp-interactive=\"core\/navigation\" data-wp-context='{\"overlayOpenedBy\":{\"click\":false,\"hover\":false,\"focus\":false},\"type\":\"overlay\",\"roleAttribute\":\"\",\"ariaLabel\":\"Men\\u00fa\"}'><button aria-haspopup=\"dialog\" aria-label=\"Abrir el men\u00fa\" class=\"wp-block-navigation__responsive-container-open\" \n\t\t\t\tdata-wp-on--click=\"actions.openMenuOnClick\"\n\t\t\t\tdata-wp-on--keydown=\"actions.handleMenuKeydown\"\n\t\t\t><svg width=\"24\" height=\"24\" xmlns=\"http:\/\/www.w3.org\/2000\/svg\" viewBox=\"0 0 24 24\" aria-hidden=\"true\" focusable=\"false\"><path d=\"M4 7.5h16v1.5H4z\"><\/path><path d=\"M4 15h16v1.5H4z\"><\/path><\/svg><\/button>\n\t\t\t\t<div class=\"wp-block-navigation__responsive-container\"  id=\"modal-1\" \n\t\t\t\tdata-wp-class--has-modal-open=\"state.isMenuOpen\"\n\t\t\t\tdata-wp-class--is-menu-open=\"state.isMenuOpen\"\n\t\t\t\tdata-wp-watch=\"callbacks.initMenu\"\n\t\t\t\tdata-wp-on--keydown=\"actions.handleMenuKeydown\"\n\t\t\t\tdata-wp-on--focusout=\"actions.handleMenuFocusout\"\n\t\t\t\ttabindex=\"-1\"\n\t\t\t>\n\t\t\t\t\t<div class=\"wp-block-navigation__responsive-close\" tabindex=\"-1\">\n\t\t\t\t\t\t<div class=\"wp-block-navigation__responsive-dialog\" \n\t\t\t\tdata-wp-bind--aria-modal=\"state.ariaModal\"\n\t\t\t\tdata-wp-bind--aria-label=\"state.ariaLabel\"\n\t\t\t\tdata-wp-bind--role=\"state.roleAttribute\"\n\t\t\t>\n\t\t\t\t\t\t\t<button aria-label=\"Cerrar el men\u00fa\" class=\"wp-block-navigation__responsive-container-close\" \n\t\t\t\tdata-wp-on--click=\"actions.closeMenuOnClick\"\n\t\t\t><svg xmlns=\"http:\/\/www.w3.org\/2000\/svg\" viewBox=\"0 0 24 24\" width=\"24\" height=\"24\" aria-hidden=\"true\" focusable=\"false\"><path d=\"m13.06 12 6.47-6.47-1.06-1.06L12 10.94 5.53 4.47 4.47 5.53 10.94 12l-6.47 6.47 1.06 1.06L12 13.06l6.47 6.47 1.06-1.06L13.06 12Z\"><\/path><\/svg><\/button>\n\t\t\t\t\t\t\t<div class=\"wp-block-navigation__responsive-container-content\" \n\t\t\t\tdata-wp-watch=\"callbacks.focusFirstElement\"\n\t\t\t id=\"modal-1-content\">\n\t\t\t\t\t\t\t\t<ul class=\"wp-block-navigation__container has-medium-font-size is-responsive items-justified-right wp-block-navigation has-medium-font-size\"><li class=\"has-medium-font-size wp-block-navigation-item wp-block-navigation-link\"><a class=\"wp-block-navigation-item__content\"  href=\"https:\/\/projurasa.com\/\"><span class=\"wp-block-navigation-item__label\">Inicio<\/span><\/a><\/li><\/ul>\n\t\t\t\t\t\t\t<\/div>\n\t\t\t\t\t\t<\/div>\n\t\t\t\t\t<\/div>\n\t\t\t\t<\/div><\/nav><\/div>\n\n\n\n<div style=\"height:100px\" aria-hidden=\"true\" class=\"wp-block-spacer\"><\/div>\n\n\n\n<div class=\"wp-block-group is-layout-constrained wp-block-group-is-layout-constrained\">\n<div class=\"wp-block-media-text is-stacked-on-mobile\" style=\"margin-top:0;margin-bottom:0;padding-top:0;padding-bottom:0\"><figure class=\"wp-block-media-text__media\"><img loading=\"lazy\" decoding=\"async\" width=\"1024\" height=\"640\" src=\"https:\/\/projurasa.com\/wp-content\/uploads\/2024\/01\/Projura-portada-ok-1024x640.png\" alt=\"\" class=\"wp-image-106 size-full\" srcset=\"https:\/\/projurasa.com\/wp-content\/uploads\/2024\/01\/Projura-portada-ok-1024x640.png 1024w, https:\/\/projurasa.com\/wp-content\/uploads\/2024\/01\/Projura-portada-ok-300x188.png 300w, https:\/\/projurasa.com\/wp-content\/uploads\/2024\/01\/Projura-portada-ok-768x480.png 768w, https:\/\/projurasa.com\/wp-content\/uploads\/2024\/01\/Projura-portada-ok.png 1440w\" sizes=\"auto, (max-width: 1024px) 100vw, 1024px\" \/><\/figure><div class=\"wp-block-media-text__content\">\n<h1 class=\"wp-block-heading\">\u00a1Log\u00edstica de transportes  a tu servicio!<\/h1>\n<\/div><\/div>\n<\/div>\n\n\n\n<div style=\"height:100px\" aria-hidden=\"true\" class=\"wp-block-spacer\"><\/div>\n<\/div><\/div>\n<\/div>\n\n\n\n<div class=\"wp-block-media-text alignfull has-media-on-the-right is-stacked-on-mobile is-vertically-aligned-center has-ast-global-color-4-background-color has-background\" style=\"grid-template-columns:auto 53%\"><div class=\"wp-block-media-text__content\">\n<div class=\"wp-block-group is-layout-flow wp-block-group-is-layout-flow\" style=\"padding-top:2em;padding-right:2em;padding-bottom:2em;padding-left:2em\">\n<p style=\"font-size:36px;line-height:1.2\"><strong>\u00bfQui\u00e9nes somos?<\/strong><\/p>\n\n\n\n<p>Somos una <strong>empresa de capital 100% paname\u00f1a<\/strong> dedicada al servicio de transporte de carga y log\u00edstica a nivel nacional <strong>con m\u00e1s de 20 a\u00f1os de presencia en el mercado<\/strong>, ofreciendo a nuestros clientes <strong>el mejor servicio y alta confiabilidad<\/strong>.<br><\/p>\n\n\n\n<p>Contamos con <strong>personal altamente calificado<\/strong> que nos permite ofrecer un <strong>servicio r\u00e1pido y eficiente en tan solo 24 horas.<\/strong><\/p>\n<\/div>\n<\/div><figure class=\"wp-block-media-text__media\"><img loading=\"lazy\" decoding=\"async\" width=\"1000\" height=\"992\" src=\"https:\/\/projurasa.com\/wp-content\/uploads\/2024\/01\/quienes-somos-ok.png\" alt=\"\" class=\"wp-image-101 size-full\" srcset=\"https:\/\/projurasa.com\/wp-content\/uploads\/2024\/01\/quienes-somos-ok.png 1000w, https:\/\/projurasa.com\/wp-content\/uploads\/2024\/01\/quienes-somos-ok-300x298.png 300w, https:\/\/projurasa.com\/wp-content\/uploads\/2024\/01\/quienes-somos-ok-150x150.png 150w, https:\/\/projurasa.com\/wp-content\/uploads\/2024\/01\/quienes-somos-ok-768x762.png 768w\" sizes=\"auto, (max-width: 1000px) 100vw, 1000px\" \/><\/figure><\/div>\n\n\n\n<div class=\"wp-block-media-text alignfull is-stacked-on-mobile is-vertically-aligned-center has-ast-global-color-5-background-color has-background\" style=\"grid-template-columns:47% auto\"><figure class=\"wp-block-media-text__media\"><img loading=\"lazy\" decoding=\"async\" width=\"1000\" height=\"992\" src=\"https:\/\/projurasa.com\/wp-content\/uploads\/2024\/01\/Mision-ok-1.png\" alt=\"\" class=\"wp-image-105 size-full\" srcset=\"https:\/\/projurasa.com\/wp-content\/uploads\/2024\/01\/Mision-ok-1.png 1000w, https:\/\/projurasa.com\/wp-content\/uploads\/2024\/01\/Mision-ok-1-300x298.png 300w, https:\/\/projurasa.com\/wp-content\/uploads\/2024\/01\/Mision-ok-1-150x150.png 150w, https:\/\/projurasa.com\/wp-content\/uploads\/2024\/01\/Mision-ok-1-768x762.png 768w\" sizes=\"auto, (max-width: 1000px) 100vw, 1000px\" \/><\/figure><div class=\"wp-block-media-text__content\">\n<div class=\"wp-block-group is-layout-flow wp-block-group-is-layout-flow\" style=\"padding-top:2em;padding-right:2em;padding-bottom:2em;padding-left:2em\">\n<p style=\"font-size:36px;line-height:1.2\"><strong>Misi\u00f3n<\/strong><\/p>\n\n\n\n<p class=\"has-extra-small-font-size\"><strong>Mejorar cada d\u00eda m\u00e1s en la log\u00edstica<\/strong> y distribuci\u00f3n satisfaciendo las necesidades de nuestros clientes con <strong>servicio de alta calidad.<\/strong> A la vez procurando <strong>mejores condiciones a cada uno de nuestros colaboradores<\/strong>.<\/p>\n<\/div>\n<\/div><\/div>\n\n\n\n<div class=\"wp-block-media-text alignfull has-media-on-the-right is-stacked-on-mobile is-vertically-aligned-center has-ast-global-color-4-background-color has-background\" style=\"grid-template-columns:auto 46%\"><div class=\"wp-block-media-text__content\">\n<div class=\"wp-block-group is-layout-flow wp-block-group-is-layout-flow\" style=\"padding-top:2em;padding-right:2em;padding-bottom:2em;padding-left:2em\">\n<p style=\"font-size:36px;line-height:1.2\"><strong>Visi\u00f3n<\/strong><\/p>\n\n\n\n<p>Ser la <strong>empresa l\u00edder en Panam\u00e1<\/strong> en la categor\u00eda <strong>de transporte y log\u00edstica<\/strong> brindando un <strong>servicio de calidad y eficiencia en el mercado <\/strong>paname\u00f1o.<\/p>\n<\/div>\n<\/div><figure class=\"wp-block-media-text__media\"><img loading=\"lazy\" decoding=\"async\" width=\"1000\" height=\"992\" src=\"https:\/\/projurasa.com\/wp-content\/uploads\/2024\/01\/Vision-ok.png\" alt=\"\" class=\"wp-image-104 size-full\" srcset=\"https:\/\/projurasa.com\/wp-content\/uploads\/2024\/01\/Vision-ok.png 1000w, https:\/\/projurasa.com\/wp-content\/uploads\/2024\/01\/Vision-ok-300x298.png 300w, https:\/\/projurasa.com\/wp-content\/uploads\/2024\/01\/Vision-ok-150x150.png 150w, https:\/\/projurasa.com\/wp-content\/uploads\/2024\/01\/Vision-ok-768x762.png 768w\" sizes=\"auto, (max-width: 1000px) 100vw, 1000px\" \/><\/figure><\/div>\n\n\n\n<div class=\"wp-block-uagb-image aligncenter uagb-block-e5064c7d wp-block-uagb-image--layout-default wp-block-uagb-image--effect-zoomin wp-block-uagb-image--align-center\"><figure class=\"wp-block-uagb-image__figure\"><img decoding=\"async\" srcset=\"https:\/\/projurasa.com\/wp-content\/uploads\/2023\/12\/Mapa_panama-1024x511.png ,https:\/\/projurasa.com\/wp-content\/uploads\/2023\/12\/Mapa_panama.png 780w, https:\/\/projurasa.com\/wp-content\/uploads\/2023\/12\/Mapa_panama.png 360w\" sizes=\"auto, (max-width: 480px) 150px\" src=\"https:\/\/projurasa.com\/wp-content\/uploads\/2023\/12\/Mapa_panama-1024x511.png\" alt=\"\" class=\"uag-image-82\" width=\"1024\" height=\"511\" title=\"\" loading=\"lazy\"\/><\/figure><\/div>\n\n\n\t\t\t<div \n\t\t\tclass=\"wp-block-uagb-google-map uagb-google-map__wrap uagb-block-b9e95e7f     \"\n\t\t\tstyle=\"\" >\n\t\t\t\t<embed\n\t\t\t\t\tclass=\"uagb-google-map__iframe\"\n\t\t\t\t\ttitle=\"Google Map for \"\n\t\t\t\t\tsrc=\"https:\/\/maps.google.com\/maps?q=Projura%2C%20Panama&#038;z=15&#038;hl=es&#038;t=m&#038;output=embed&#038;iwloc=near\"\n\t\t\t\t\twidth=\"640\"\n\t\t\t\t\theight=\"400\"\n\t\t\t\t\tloading=\"lazy\"\n\t\t\t\t><\/embed>\n\t\t\t<\/div>\n\t\t\t\n\n\n<hr class=\"wp-block-separator alignfull has-alpha-channel-opacity is-style-wide\"\/>\n\n\n\n<div class=\"wp-block-group alignfull is-content-justification-space-between is-layout-flex wp-container-core-group-is-layout-1f109a56 wp-block-group-is-layout-flex\" style=\"margin-top:0;margin-bottom:0;padding-top:var(--wp--preset--spacing--50);padding-right:var(--wp--preset--spacing--50);padding-bottom:var(--wp--preset--spacing--50);padding-left:var(--wp--preset--spacing--50)\">\n<div class=\"wp-block-group wp-container-content-9cfa9a5a is-content-justification-space-between is-nowrap is-layout-flex wp-container-core-group-is-layout-029d46c5 wp-block-group-is-layout-flex\" style=\"margin-top:0;margin-bottom:0\">\n<p><strong>Datos de la Empresa:<br><\/strong>Raz\u00f3n social: PROJURA, S.A.<br>RUC 2019001 1 743084<\/p>\n\n\n\n<p><strong>Direcci\u00f3n:<br><\/strong>Oficina: PH Centro Empresarial Mar del Sur N\u00b0 611.<br>Patio: Bel\u00e9n, Ma\u00f1anitas, detr\u00e1s de la Estaci\u00f3n Terpel Este.<\/p>\n\n\n\n<p><strong>Tel\u00e9fonos<\/strong>:<br>830 5336  \/ 6617-1283<br>Email: contacto@projurasa.com<\/p>\n\n\n<h1 class=\"wp-block-site-title has-medium-font-size\"><a href=\"https:\/\/projurasa.com\" target=\"_self\" rel=\"home\">Projura S.A.<\/a><\/h1><\/div>\n<\/div>\n\n\n\n<hr class=\"wp-block-separator alignfull has-alpha-channel-opacity is-style-wide\"\/>\n","protected":false},"excerpt":{"rendered":"<p>Datos de la Empresa:Raz\u00f3n social: PROJURA, S.A.RUC 2019001 1 743084 Direcci\u00f3n:Oficina: PH Centro Empresarial Mar del Sur N\u00b0 611.Patio: Bel\u00e9n, Ma\u00f1anitas, detr\u00e1s de la Estaci\u00f3n Terpel Este. Tel\u00e9fonos:830 5336 \/ 6617-1283Email: contacto@projurasa.com<\/p>\n","protected":false},"author":1,"featured_media":0,"parent":0,"menu_order":0,"comment_status":"closed","ping_status":"closed","template":"","meta":{"_uag_custom_page_level_css":"","site-sidebar-layout":"default","site-content-layout":"","ast-site-content-layout":"","site-content-style":"default","site-sidebar-style":"default","ast-global-header-display":"","ast-banner-title-visibility":"","ast-main-header-display":"","ast-hfb-above-header-display":"","ast-hfb-below-header-display":"","ast-hfb-mobile-header-display":"","site-post-title":"disabled","ast-breadcrumbs-content":"","ast-featured-img":"","footer-sml-layout":"","theme-transparent-header-meta":"","adv-header-id-meta":"","stick-header-meta":"","header-above-stick-meta":"","header-main-stick-meta":"","header-below-stick-meta":"","astra-migrate-meta-layouts":"default","ast-page-background-enabled":"default","ast-page-background-meta":{"desktop":{"background-color":"var(--ast-global-color-4)","background-image":"","background-repeat":"repeat","background-position":"center center","background-size":"auto","background-attachment":"scroll","background-type":"","background-media":"","overlay-type":"","overlay-color":"","overlay-gradient":""},"tablet":{"background-color":"","background-image":"","background-repeat":"repeat","background-position":"center center","background-size":"auto","background-attachment":"scroll","background-type":"","background-media":"","overlay-type":"","overlay-color":"","overlay-gradient":""},"mobile":{"background-color":"","background-image":"","background-repeat":"repeat","background-position":"center center","background-size":"auto","background-attachment":"scroll","background-type":"","background-media":"","overlay-type":"","overlay-color":"","overlay-gradient":""}},"ast-content-background-meta":{"desktop":{"background-color":"var(--ast-global-color-5)","background-image":"","background-repeat":"repeat","background-position":"center center","background-size":"auto","background-attachment":"scroll","background-type":"","background-media":"","overlay-type":"","overlay-color":"","overlay-gradient":""},"tablet":{"background-color":"var(--ast-global-color-5)","background-image":"","background-repeat":"repeat","background-position":"center center","background-size":"auto","background-attachment":"scroll","background-type":"","background-media":"","overlay-type":"","overlay-color":"","overlay-gradient":""},"mobile":{"background-color":"var(--ast-global-color-5)","background-image":"","background-repeat":"repeat","background-position":"center center","background-size":"auto","background-attachment":"scroll","background-type":"","background-media":"","overlay-type":"","overlay-color":"","overlay-gradient":""}},"footnotes":""},"class_list":["post-40","page","type-page","status-publish","hentry"],"uagb_featured_image_src":{"full":false,"thumbnail":false,"medium":false,"medium_large":false,"large":false,"1536x1536":false,"2048x2048":false},"uagb_author_info":{"display_name":"admin","author_link":"https:\/\/projurasa.com\/index.php\/author\/admin_projurasa\/"},"uagb_comment_info":0,"uagb_excerpt":"Datos de la Empresa:Raz\u00f3n social: PROJURA, S.A.RUC 2019001 1 743084 Direcci\u00f3n:Oficina: PH Centro Empresarial Mar del Sur N\u00b0 611.Patio: Bel\u00e9n, Ma\u00f1anitas, detr\u00e1s de la Estaci\u00f3n Terpel Este. Tel\u00e9fonos:830 5336 \/ 6617-1283Email: contacto@projurasa.com","_links":{"self":[{"href":"https:\/\/projurasa.com\/index.php\/wp-json\/wp\/v2\/pages\/40","targetHints":{"allow":["GET"]}}],"collection":[{"href":"https:\/\/projurasa.com\/index.php\/wp-json\/wp\/v2\/pages"}],"about":[{"href":"https:\/\/projurasa.com\/index.php\/wp-json\/wp\/v2\/types\/page"}],"author":[{"embeddable":true,"href":"https:\/\/projurasa.com\/index.php\/wp-json\/wp\/v2\/users\/1"}],"replies":[{"embeddable":true,"href":"https:\/\/projurasa.com\/index.php\/wp-json\/wp\/v2\/comments?post=40"}],"version-history":[{"count":45,"href":"https:\/\/projurasa.com\/index.php\/wp-json\/wp\/v2\/pages\/40\/revisions"}],"predecessor-version":[{"id":137,"href":"https:\/\/projurasa.com\/index.php\/wp-json\/wp\/v2\/pages\/40\/revisions\/137"}],"wp:attachment":[{"href":"https:\/\/projurasa.com\/index.php\/wp-json\/wp\/v2\/media?parent=40"}],"curies":[{"name":"wp","href":"https:\/\/api.w.org\/{rel}","templated":true}]}}